{"id":6,"date":"2016-09-27T18:09:32","date_gmt":"2016-09-27T16:09:32","guid":{"rendered":"http:\/\/www.rennes-sudgare.com\/?page_id=6"},"modified":"2021-12-29T18:11:01","modified_gmt":"2021-12-29T17:11:01","slug":"rennes-sudgare","status":"publish","type":"page","link":"https:\/\/www.rennes-sudgare.com\/","title":{"rendered":"Rennes Sudgare"},"content":{"rendered":"<h2>Pr\u00e9sentation du Centre Info Urbanisme<\/h2>\n<p><img loading=\"lazy\" class=\"alignnone size-full wp-image-11 alignleft\" src=\"https:\/\/www.rennes-sudgare.com\/wp-content\/uploads\/2016\/09\/1.jpeg.jpg\" alt=\"1.jpeg\" width=\"271\" height=\"186\" \/>Le centre info urbanisme est le lieu par excellence o\u00f9 vous aurez toutes les informations que vous recherchez dans le domaine de l&rsquo;urbanisation. Vous pourrez donc \u00e9diter une notice de renseignement d&rsquo;urbanisme et d&rsquo;exploiter les informations fournies par le centre. Vous pourrez ainsi vous informer sur le plan d\u2019urbanisme ou de sauvegarde et de mise en valeur applicable, sur la position des alignements, sur les r\u00e9serves (espace vert et autres), sur la situation au regard du droit de pr\u00e9emption urbain simple ou renforc\u00e9, sur les servitudes d\u2019utilit\u00e9 publique, sur les op\u00e9rations publiques d\u2019am\u00e9nagement, sur les observations et des prescriptions particuli\u00e8res et sur la contrainte faite aux possesseurs de d\u00e9poser, auparavant \u00e0 la commercialisation d\u2019un bien immobilier, une d\u00e9claration de planification d\u2019ali\u00e9ner. Vous disposerez aussi, pour toute zone b\u00e2tie ou non du plan d&rsquo;urbanisme applicable. Vous pourrez donc t\u00e9l\u00e9charger et enregistrer le fichier \u00e9lectronique contenant les renseignements d&rsquo;urbanisation, le visualiser et l&rsquo;imprimer.<\/p>\n<h2>Informations g\u00e9n\u00e9rales sur le d\u00e9m\u00e9nagement<\/h2>\n<p>Vous avez trouv\u00e9 un nouveau logement et vous allez bient\u00f4t d\u00e9m\u00e9nager ? C&rsquo;est une bonne chose. Cependant, avez-vous d\u00e9j\u00e0 effectu\u00e9 les diverses d\u00e9marches aupr\u00e8s des organismes et des personnes dont vous utilisez les services ou qui ont la charge des dossiers qui vous concernent ? Avez-vous d\u00e9j\u00e0 trouv\u00e9 un <a href=\"https:\/\/demenageur.com\">demenageur<\/a> ? Quelles sont les d\u00e9marches que vous devez effectuer concernant votre demenagement ? Quels sont les d\u00e9lais ? Ce sont l\u00e0 autant de questions auxquelles vous devez trouver des solutions. Et pour vous aider, vous propose ses services. Pour ce faire, vous devez au pr\u00e9alable r\u00e9aliser un devis demenagement et le valider, afin que votre d\u00e9m\u00e9nagement soit effectu\u00e9 le plus rapidement possible. Par ailleurs,\u00a0vous aidera aussi lors de vos diff\u00e9rentes d\u00e9marches administratives, afin que tout puisse se passer pour le mieux., c&rsquo;est aussi un d\u00e9m\u00e9nagement de qualit\u00e9 \u00e0 moindre co\u00fbt. Choisissez la formule de d\u00e9m\u00e9nagement qui convient le plus \u00e0 votre budget et \u00e0 vos besoins.<\/p>\n<h2>Informations g\u00e9n\u00e9rales sur l&rsquo;assurance vie<\/h2>\n<p>Si vous \u00eates \u00e0 la recherche d&rsquo;une solution d&rsquo;\u00e9pargne qui vous aidera \u00e0 concr\u00e9tiser vos projets, l&rsquo;assurance vie est certainement la solution qu&rsquo;il vous faut. Elle vous donne la possibilit\u00e9 d&rsquo;\u00e9tablir un capital ou de chercher \u00e0 l&rsquo;am\u00e9liorer, afin de vous donner la possibilit\u00e9 de financer vos diff\u00e9rents projets (par exemple, la retraite, un projet immobilier, les \u00e9tudes des enfants, les voyages, etc.). Pour vous y aider, votre conseiller sera \u00e0 votre \u00e9coute et vous fournira tous les conseils et les informations dont vous avez besoin, afin que vous choisissiez la solution qui r\u00e9pond la plus \u00e0 votre profil et \u00e0 vos objectifs. Il existe plusieurs types de contrats d&rsquo;assurance vie sur le march\u00e9. Chacun pr\u00e9sente plusieurs options. Par cons\u00e9quent, avant de porter votre choix vers une assurance vie quelconque, vous devez tout d&rsquo;abord d\u00e9terminer vos besoins et savoir exactement le budget que vous avez \u00e0 votre disposition pour votre mise de d\u00e9part.<\/p>\n<h2>Informations g\u00e9n\u00e9rales sur les visas pour l&rsquo;\u00e9tranger<\/h2>\n<p>Si vous r\u00e9sidez dans un pays et que vous d\u00e9sirez vous rendre en Chine, en Russie, en Inde ou au Vietnam, vous devez en faire la demande soit aupr\u00e8s de la repr\u00e9sentation diplomatique des pays respectifs dans votre pays de r\u00e9sidence, soit en ligne sur le site Internet des m\u00eames pays. Cependant, pour obtenir un visa chine \u00a0, vous devez en soumettre la demande et constituer un dossier dans lequel figureront les pi\u00e8ces requises en fonction du type de visa que vous d\u00e9sirez obtenir. En effet, il existe plusieurs cat\u00e9gories de visa en fonction de l&rsquo;objectif principal de votre visite et de la dur\u00e9e de votre s\u00e9jour. On distingue par exemple le visa consacr\u00e9 aux affaires commerciales, le visa d\u00e9di\u00e9 aux touristes, le visa pour un s\u00e9jour sup\u00e9rieur \u00e0 6 mois (long s\u00e9jour) et le visa pour un s\u00e9jour inf\u00e9rieur ou \u00e9gal \u00e0 6 mois d\u00e9di\u00e9s au regroupement familial, adoption ou visite des citoyens \u00e9trangers, le visa d\u00e9di\u00e9 aux personnes qui se rendent en territoire \u00e9tranger pour y travailler ou donner des repr\u00e9sentations artistiques, etc.<\/p>\n<h2>Informations g\u00e9n\u00e9rales sur les croisi\u00e8res<\/h2>\n<p>Avant de <a href=\"https:\/\/www.rennesmecenes.fr\">planifier un voyage<\/a>, vous devez vous assurer que le climat vous sera favorable. En effet, certaines r\u00e9gions du monde ne peuvent \u00eatre visit\u00e9es que pendant une certaine p\u00e9riode. Prenons le mois de mars par exemple. C&rsquo;est le mois qui donne naissance au printemps et durant ce mois, la temp\u00e9rature varie selon les r\u00e9gions. Durant ce mois, vous pouvez donc envisager une croisi\u00e8re sur la France, l&rsquo;Italie, l&rsquo;Espagne et plein d&rsquo;autres pays et \u00eeles. Le Nord de ces r\u00e9gions n&rsquo;est tout de m\u00eame pas favorable \u00e0 une croisi\u00e8re, car certaines pluies sont encore observ\u00e9es durant ce mois. Privil\u00e9giez les r\u00e9gions au Sud. En outre, partir en croisi\u00e8re durant le mois de mars est aussi l&rsquo;occasion r\u00eav\u00e9e pour b\u00e9n\u00e9ficier d&rsquo;une croisi\u00e8re sur la Seine et d\u00e9couvrir sous un autre oeil les villes comme Paris et ses nombreux monuments et bien plus encore. Une croisi\u00e8re sur le Rhin vous donnera la possibilit\u00e9 de profiter des escales dans les villes comme Bruxelles, Amsterdam et autres pour visiter de pr\u00e8s la Grand-Place et d\u00e9couvrir la richesse culturelle, ainsi que de nombreux mus\u00e9es et monuments.<\/p>\n<p class=\"p1\">Vous pourriez pr\u00e9f\u00e9rer un safari Afrique , ou bien en safari afrique du sud , un safari Kenya ou un safari Tanzanie si vous n&rsquo;aimez pas les croisi\u00e8res.<\/p>\n","protected":false},"excerpt":{"rendered":"<p>Pr\u00e9sentation du Centre Info Urbanisme Le centre info urbanisme est le lieu par excellence o\u00f9 vous aurez toutes les informations que vous recherchez dans le domaine de l&rsquo;urbanisation. Vous pourrez donc \u00e9diter une notice de renseignement d&rsquo;urbanisme et d&rsquo;exploiter les informations fournies par le centre. Vous pourrez ainsi vous informer sur le plan d\u2019urbanisme ou&#8230;<a class=\"excerpt-more-link\" href=\"https:\/\/www.rennes-sudgare.com\/\">Read More<\/a><\/p>\n","protected":false},"author":1,"featured_media":0,"parent":0,"menu_order":0,"comment_status":"closed","ping_status":"closed","template":"","meta":[],"_links":{"self":[{"href":"https:\/\/www.rennes-sudgare.com\/index.php\/wp-json\/wp\/v2\/pages\/6"}],"collection":[{"href":"https:\/\/www.rennes-sudgare.com\/index.php\/wp-json\/wp\/v2\/pages"}],"about":[{"href":"https:\/\/www.rennes-sudgare.com\/index.php\/wp-json\/wp\/v2\/types\/page"}],"author":[{"embeddable":true,"href":"https:\/\/www.rennes-sudgare.com\/index.php\/wp-json\/wp\/v2\/users\/1"}],"replies":[{"embeddable":true,"href":"https:\/\/www.rennes-sudgare.com\/index.php\/wp-json\/wp\/v2\/comments?post=6"}],"version-history":[{"count":6,"href":"https:\/\/www.rennes-sudgare.com\/index.php\/wp-json\/wp\/v2\/pages\/6\/revisions"}],"predecessor-version":[{"id":18,"href":"https:\/\/www.rennes-sudgare.com\/index.php\/wp-json\/wp\/v2\/pages\/6\/revisions\/18"}],"wp:attachment":[{"href":"https:\/\/www.rennes-sudgare.com\/index.php\/wp-json\/wp\/v2\/media?parent=6"}],"curies":[{"name":"wp","href":"https:\/\/api.w.org\/{rel}","templated":true}]}}